{"id":118,"date":"2023-06-27T09:35:35","date_gmt":"2023-06-27T09:35:35","guid":{"rendered":"https:\/\/periodic-perrodin-s470.zipwp.link\/?page_id=118"},"modified":"2024-04-10T12:34:48","modified_gmt":"2024-04-10T12:34:48","slug":"about","status":"publish","type":"page","link":"https:\/\/imobiliaria.marketing-pt.com\/?page_id=118","title":{"rendered":"About"},"content":{"rendered":"\n<div class=\"wp-block-uagb-container uagb-block-7fa683e6 alignfull uagb-is-root-container\"><div class=\"uagb-container-inner-blocks-wrap\">\n<div class=\"wp-block-uagb-advanced-heading uagb-block-74b342eb\"><h1 class=\"uagb-heading-text\">M\u00e1rio P\u00e1dua | Keller Williams<\/h1><\/div>\n<\/div><\/div>\n\n\n\n<div class=\"wp-block-uagb-container uagb-block-94ded581 alignfull uagb-is-root-container\"><div class=\"uagb-container-inner-blocks-wrap\">\n<div class=\"wp-block-uagb-advanced-heading uagb-block-671f3570\"><h2 class=\"uagb-heading-text\">A Nossa Hist\u00f3ria<\/h2><\/div>\n\n\n\n<div class=\"wp-block-uagb-container uagb-block-21891d52\">\n<div class=\"wp-block-uagb-container uagb-block-8a4a99e4\">\n<div class=\"wp-block-uagb-image alignleft uagb-block-e71a6b83 wp-block-uagb-image--layout-default wp-block-uagb-image--effect-static wp-block-uagb-image--align-left\"><figure class=\"wp-block-uagb-image__figure\"><img decoding=\"async\" srcset=\"https:\/\/imobiliaria.marketing-pt.com\/wp-content\/uploads\/2024\/04\/zipwp-image-12815458.jpeg ,https:\/\/imobiliaria.marketing-pt.com\/wp-content\/uploads\/2024\/04\/zipwp-image-12815458.jpeg 780w\" sizes=\"auto, (max-width: 480px) 150px\" src=\"https:\/\/imobiliaria.marketing-pt.com\/wp-content\/uploads\/2024\/04\/zipwp-image-12815458.jpeg\" alt=\"\" class=\"uag-image-1483\" width=\"526\" height=\"536\" title=\"\" loading=\"lazy\" role=\"img\"\/><\/figure><\/div>\n<\/div>\n\n\n\n<div class=\"wp-block-uagb-container uagb-block-7e959f87\">\n<div class=\"wp-block-uagb-info-box uagb-block-4960c374 uagb-infobox__content-wrap  uagb-infobox-icon-above-title uagb-infobox-image-valign-top\"><div class=\"uagb-ifb-content\"><div class=\"uagb-ifb-title-wrap\"><h3 class=\"uagb-ifb-title\">A Keller Williams \u00e9 especialista em media\u00e7\u00e3o imobili\u00e1ria, acompanhando os Clientes e suprindo suas necessidades no setor imobili\u00e1rio com excel\u00eancia.<\/h3><\/div><p class=\"uagb-ifb-desc\">A Keller Williams entrou em Portugal no ano de 2014, crescendo rapidamente com 22 Market Centers e mais de 3.000 Consultores Imobili\u00e1rios.<br><br>A Keller Williams tem servido clientes em Braga, Vila do Conde, Porto, Coimbra, Lisboa, Cascais, Ab\u00f3boda, Portim\u00e3o, Alcantarilha, Madeira, entre outros locais, construindo rela\u00e7\u00f5es de confian\u00e7a e garantindo os melhores neg\u00f3cios com transpar\u00eancia.<\/p><\/div><\/div>\n<\/div>\n<\/div>\n<\/div><\/div>\n\n\n\n<div class=\"wp-block-uagb-container uagb-block-cc344175 alignfull uagb-is-root-container\"><div class=\"uagb-container-inner-blocks-wrap\">\n<div class=\"wp-block-uagb-advanced-heading uagb-block-7b2294a3\"><h2 class=\"uagb-heading-text\">Nossos Valores<\/h2><p class=\"uagb-desc-text\">Nosso compromisso com a excel\u00eancia e a confian\u00e7a<\/p><\/div>\n\n\n\n<div class=\"wp-block-uagb-container uagb-block-ecb8dade\">\n<div class=\"wp-block-uagb-advanced-heading uagb-block-bef7d43a\"><h3 class=\"uagb-heading-text\">Confian\u00e7a<\/h3><p class=\"uagb-desc-text\">Construindo rela\u00e7\u00f5es s\u00f3lidas baseadas na confian\u00e7a e transpar\u00eancia para alcan\u00e7ar os melhores neg\u00f3cios.<\/p><\/div>\n\n\n\n<div class=\"wp-block-uagb-advanced-heading uagb-block-b863782d\"><h3 class=\"uagb-heading-text\">Compromisso<\/h3><p class=\"uagb-desc-text\">Dedicados a garantir um acompanhamento personalizado e estrat\u00e9gias eficazes desde a angaria\u00e7\u00e3o at\u00e9 a transa\u00e7\u00e3o final.<\/p><\/div>\n\n\n\n<div class=\"wp-block-uagb-advanced-heading uagb-block-9f890ad2\"><h3 class=\"uagb-heading-text\">Profissionalismo<\/h3><p class=\"uagb-desc-text\">Experi\u00eancia e credibilidade garantidas por uma equipa profissional que se destaca no setor imobili\u00e1rio.<\/p><\/div>\n<\/div>\n<\/div><\/div>\n\n\n\n<div class=\"wp-block-uagb-container uagb-block-c84325e4 alignfull uagb-is-root-container\"><div class=\"uagb-container-inner-blocks-wrap\">\n<div class=\"wp-block-uagb-info-box uagb-block-d8a09d88 uagb-infobox__content-wrap  uagb-infobox-icon-above-title uagb-infobox-image-valign-top\"><div class=\"uagb-ifb-content\"><div class=\"uagb-ifb-title-wrap\"><h2 class=\"uagb-ifb-title\">Comece j\u00e1<\/h2><\/div><p class=\"uagb-ifb-desc\">Contacte-nos hoje mesmo e descubra como podemos ajudar a concretizar os seus objetivos imobili\u00e1rios<\/p><div class=\"uagb-ifb-button-wrapper wp-block-button\"><a href=\"contact\/\" class=\"uagb-infobox-cta-link wp-block-button__link\" target=\"_self\" rel=\"noopener noreferrer\" onclick=\"return true;\" alt=\"\"><span class=\"uagb-inline-editing\">Descubra<\/span><\/a><\/div><\/div><\/div>\n<\/div><\/div>\n","protected":false},"excerpt":{"rendered":"<p>M\u00e1rio P\u00e1dua | Keller Williams A Nossa Hist\u00f3ria Nossos Valores Nosso compromisso com a excel\u00eancia e a confian\u00e7a Confian\u00e7a Construindo [&hellip;]<\/p>\n","protected":false},"author":9,"featured_media":0,"parent":0,"menu_order":0,"comment_status":"closed","ping_status":"closed","template":"","meta":{"_uag_custom_page_level_css":"","site-sidebar-layout":"default","site-content-layout":"","ast-site-content-layout":"default","site-content-style":"default","site-sidebar-style":"default","ast-global-header-display":"","ast-banner-title-visibility":"","ast-main-header-display":"","ast-hfb-above-header-display":"","ast-hfb-below-header-display":"","ast-hfb-mobile-header-display":"","site-post-title":"disabled","ast-breadcrumbs-content":"","ast-featured-img":"","footer-sml-layout":"","ast-disable-related-posts":"","theme-transparent-header-meta":"enabled","adv-header-id-meta":"","stick-header-meta":"","header-above-stick-meta":"","header-main-stick-meta":"","header-below-stick-meta":"","astra-migrate-meta-layouts":"set","ast-page-background-enabled":"default","ast-page-background-meta":{"desktop":{"background-color":"var(--ast-global-color-4)","background-image":"","background-repeat":"repeat","background-position":"center center","background-size":"auto","background-attachment":"scroll","background-type":"","background-media":"","overlay-type":"","overlay-color":"","overlay-opacity":"","overlay-gradient":""},"tablet":{"background-color":"","background-image":"","background-repeat":"repeat","background-position":"center center","background-size":"auto","background-attachment":"scroll","background-type":"","background-media":"","overlay-type":"","overlay-color":"","overlay-opacity":"","overlay-gradient":""},"mobile":{"background-color":"","background-image":"","background-repeat":"repeat","background-position":"center center","background-size":"auto","background-attachment":"scroll","background-type":"","background-media":"","overlay-type":"","overlay-color":"","overlay-opacity":"","overlay-gradient":""}},"ast-content-background-meta":{"desktop":{"background-color":"var(--ast-global-color-5)","background-image":"","background-repeat":"repeat","background-position":"center center","background-size":"auto","background-attachment":"scroll","background-type":"","background-media":"","overlay-type":"","overlay-color":"","overlay-opacity":"","overlay-gradient":""},"tablet":{"background-color":"var(--ast-global-color-5)","background-image":"","background-repeat":"repeat","background-position":"center center","background-size":"auto","background-attachment":"scroll","background-type":"","background-media":"","overlay-type":"","overlay-color":"","overlay-opacity":"","overlay-gradient":""},"mobile":{"background-color":"var(--ast-global-color-5)","background-image":"","background-repeat":"repeat","background-position":"center center","background-size":"auto","background-attachment":"scroll","background-type":"","background-media":"","overlay-type":"","overlay-color":"","overlay-opacity":"","overlay-gradient":""}},"footnotes":""},"class_list":["post-118","page","type-page","status-publish","hentry"],"uagb_featured_image_src":{"full":false,"thumbnail":false,"medium":false,"medium_large":false,"large":false,"1536x1536":false,"2048x2048":false},"uagb_author_info":{"display_name":"I1Y3qa41oOCp","author_link":"https:\/\/imobiliaria.marketing-pt.com\/?author=9"},"uagb_comment_info":0,"uagb_excerpt":"M\u00e1rio P\u00e1dua | Keller Williams A Nossa Hist\u00f3ria Nossos Valores Nosso compromisso com a excel\u00eancia e a confian\u00e7a Confian\u00e7a Construindo [&hellip;]","_links":{"self":[{"href":"https:\/\/imobiliaria.marketing-pt.com\/index.php?rest_route=\/wp\/v2\/pages\/118","targetHints":{"allow":["GET"]}}],"collection":[{"href":"https:\/\/imobiliaria.marketing-pt.com\/index.php?rest_route=\/wp\/v2\/pages"}],"about":[{"href":"https:\/\/imobiliaria.marketing-pt.com\/index.php?rest_route=\/wp\/v2\/types\/page"}],"author":[{"embeddable":true,"href":"https:\/\/imobiliaria.marketing-pt.com\/index.php?rest_route=\/wp\/v2\/users\/9"}],"replies":[{"embeddable":true,"href":"https:\/\/imobiliaria.marketing-pt.com\/index.php?rest_route=%2Fwp%2Fv2%2Fcomments&post=118"}],"version-history":[{"count":1,"href":"https:\/\/imobiliaria.marketing-pt.com\/index.php?rest_route=\/wp\/v2\/pages\/118\/revisions"}],"predecessor-version":[{"id":1508,"href":"https:\/\/imobiliaria.marketing-pt.com\/index.php?rest_route=\/wp\/v2\/pages\/118\/revisions\/1508"}],"wp:attachment":[{"href":"https:\/\/imobiliaria.marketing-pt.com\/index.php?rest_route=%2Fwp%2Fv2%2Fmedia&parent=118"}],"curies":[{"name":"wp","href":"https:\/\/api.w.org\/{rel}","templated":true}]}}