{"id":167,"date":"2023-06-27T12:27:09","date_gmt":"2023-06-27T12:27:09","guid":{"rendered":"https:\/\/periodic-perrodin-s470.zipwp.link\/?page_id=167"},"modified":"2024-04-10T12:34:47","modified_gmt":"2024-04-10T12:34:47","slug":"offerings","status":"publish","type":"page","link":"https:\/\/imobiliaria.marketing-pt.com\/?page_id=167","title":{"rendered":"Offerings"},"content":{"rendered":"\n<div class=\"wp-block-uagb-container uagb-block-6803eae3 alignfull uagb-is-root-container\"><div class=\"uagb-container-inner-blocks-wrap\">\n<div class=\"wp-block-uagb-advanced-heading uagb-block-a2f9964e\"><h1 class=\"uagb-heading-text\">Servi\u00e7os Imobili\u00e1rios<\/h1><\/div>\n<\/div><\/div>\n\n\n\n<div class=\"wp-block-uagb-container uagb-block-623363c6 alignfull uagb-is-root-container\"><div class=\"uagb-container-inner-blocks-wrap\">\n<div class=\"wp-block-uagb-info-box uagb-block-3801b6ed uagb-infobox__content-wrap  uagb-infobox-icon-above-title uagb-infobox-image-valign-top\"><div class=\"uagb-ifb-content\"><div class=\"uagb-ifb-title-wrap\"><h2 class=\"uagb-ifb-title\">Principais Ofertas<\/h2><\/div><p class=\"uagb-ifb-desc\">Descubra os principais servi\u00e7os imobili\u00e1rios que temos para lhe oferecer.<\/p><\/div><\/div>\n\n\n\n<div class=\"wp-block-uagb-container uagb-block-e91230d3\">\n<div class=\"wp-block-uagb-container uagb-block-b46395ef\">\n<div class=\"wp-block-uagb-image alignleft uagb-block-4ff9da3f wp-block-uagb-image--layout-default wp-block-uagb-image--effect-static wp-block-uagb-image--align-left\"><figure class=\"wp-block-uagb-image__figure\"><img decoding=\"async\" srcset=\"https:\/\/imobiliaria.marketing-pt.com\/wp-content\/uploads\/2024\/04\/zipwp-image-1738762.jpeg ,https:\/\/imobiliaria.marketing-pt.com\/wp-content\/uploads\/2024\/04\/zipwp-image-1738762.jpeg 780w, https:\/\/imobiliaria.marketing-pt.com\/wp-content\/uploads\/2024\/04\/zipwp-image-1738762.jpeg 360w\" sizes=\"auto, (max-width: 480px) 150px\" src=\"https:\/\/imobiliaria.marketing-pt.com\/wp-content\/uploads\/2024\/04\/zipwp-image-1738762.jpeg\" alt=\"\" class=\"uag-image-1502\" width=\"560\" height=\"500\" title=\"\" loading=\"lazy\" role=\"img\"\/><\/figure><\/div>\n<\/div>\n\n\n\n<div class=\"wp-block-uagb-container uagb-block-7621abb2\">\n<div class=\"wp-block-uagb-info-box uagb-block-f3d2d6b2 uagb-infobox__content-wrap  uagb-infobox-icon-above-title uagb-infobox-image-valign-top\"><div class=\"uagb-ifb-content\"><div class=\"uagb-ifb-title-wrap\"><span class=\"uagb-ifb-title-prefix\">01<\/span><h3 class=\"uagb-ifb-title\">Media\u00e7\u00e3o<\/h3><\/div><p class=\"uagb-ifb-desc\">A nossa equipa especializada garante um servi\u00e7o de media\u00e7\u00e3o imobili\u00e1ria personalizado, focado nas suas necessidades e objetivos espec\u00edficos.<\/p><div class=\"uagb-ifb-button-wrapper wp-block-button\"><a href=\"contact\/\" class=\"uagb-infobox-cta-link wp-block-button__link\" target=\"_self\" rel=\"noopener noreferrer\" onclick=\"return true;\" alt=\"\"><span class=\"uagb-inline-editing\">Come\u00e7ar<\/span><\/a><\/div><\/div><\/div>\n<\/div>\n<\/div>\n\n\n\n<div class=\"wp-block-uagb-container uagb-block-3893b8aa\">\n<div class=\"wp-block-uagb-container uagb-block-b02b419f\">\n<div class=\"wp-block-uagb-image alignright uagb-block-2622f629 wp-block-uagb-image--layout-default wp-block-uagb-image--effect-static wp-block-uagb-image--align-right\"><figure class=\"wp-block-uagb-image__figure\"><img decoding=\"async\" srcset=\"https:\/\/imobiliaria.marketing-pt.com\/wp-content\/uploads\/2024\/04\/zipwp-image-1855938.jpeg ,https:\/\/imobiliaria.marketing-pt.com\/wp-content\/uploads\/2024\/04\/zipwp-image-1855938.jpeg 780w, https:\/\/imobiliaria.marketing-pt.com\/wp-content\/uploads\/2024\/04\/zipwp-image-1855938.jpeg 360w\" sizes=\"auto, (max-width: 480px) 150px\" src=\"https:\/\/imobiliaria.marketing-pt.com\/wp-content\/uploads\/2024\/04\/zipwp-image-1855938.jpeg\" alt=\"\" class=\"uag-image-1490\" width=\"560\" height=\"500\" title=\"\" loading=\"lazy\" role=\"img\"\/><\/figure><\/div>\n<\/div>\n\n\n\n<div class=\"wp-block-uagb-container uagb-block-862a6668\">\n<div class=\"wp-block-uagb-info-box uagb-block-411c16f4 uagb-infobox__content-wrap  uagb-infobox-icon-above-title uagb-infobox-image-valign-top\"><div class=\"uagb-ifb-content\"><div class=\"uagb-ifb-title-wrap\"><span class=\"uagb-ifb-title-prefix\">02<\/span><h3 class=\"uagb-ifb-title\">Acompanhamento<\/h3><\/div><p class=\"uagb-ifb-desc\">Proporcionamos um acompanhamento completo desde a angaria\u00e7\u00e3o at\u00e9 \u00e0 transa\u00e7\u00e3o final, assegurando que todo o processo decorre de forma segura e eficiente.<\/p><div class=\"uagb-ifb-button-wrapper wp-block-button\"><a href=\"contact\/\" class=\"uagb-infobox-cta-link wp-block-button__link\" target=\"_self\" rel=\"noopener noreferrer\" onclick=\"return true;\" alt=\"\"><span class=\"uagb-inline-editing\">Come\u00e7ar<\/span><\/a><\/div><\/div><\/div>\n<\/div>\n<\/div>\n\n\n\n<div class=\"wp-block-uagb-container uagb-block-64c2a67e\">\n<div class=\"wp-block-uagb-container uagb-block-3fbfeeed\">\n<div class=\"wp-block-uagb-image alignleft uagb-block-5517d747 wp-block-uagb-image--layout-default wp-block-uagb-image--effect-static wp-block-uagb-image--align-left\"><figure class=\"wp-block-uagb-image__figure\"><img decoding=\"async\" srcset=\"https:\/\/imobiliaria.marketing-pt.com\/wp-content\/uploads\/2024\/04\/zipwp-image-1666502.jpeg ,https:\/\/imobiliaria.marketing-pt.com\/wp-content\/uploads\/2024\/04\/zipwp-image-1666502.jpeg 780w, https:\/\/imobiliaria.marketing-pt.com\/wp-content\/uploads\/2024\/04\/zipwp-image-1666502.jpeg 360w\" sizes=\"auto, (max-width: 480px) 150px\" src=\"https:\/\/imobiliaria.marketing-pt.com\/wp-content\/uploads\/2024\/04\/zipwp-image-1666502.jpeg\" alt=\"\" class=\"uag-image-1497\" width=\"560\" height=\"500\" title=\"\" loading=\"lazy\" role=\"img\"\/><\/figure><\/div>\n<\/div>\n\n\n\n<div class=\"wp-block-uagb-container uagb-block-4906a1e2\">\n<div class=\"wp-block-uagb-info-box uagb-block-b2c48bb3 uagb-infobox__content-wrap  uagb-infobox-icon-above-title uagb-infobox-image-valign-top\"><div class=\"uagb-ifb-content\"><div class=\"uagb-ifb-title-wrap\"><span class=\"uagb-ifb-title-prefix\">03<\/span><h3 class=\"uagb-ifb-title\">Estrat\u00e9gia Personalizada<\/h3><\/div><p class=\"uagb-ifb-desc\">Cada neg\u00f3cio \u00e9 \u00fanico, por isso criamos estrat\u00e9gias personalizadas para a venda do seu im\u00f3vel, garantindo os melhores resultados de forma transparente e eficaz.<\/p><div class=\"uagb-ifb-button-wrapper wp-block-button\"><a href=\"contact\/\" class=\"uagb-infobox-cta-link wp-block-button__link\" target=\"_self\" rel=\"noopener noreferrer\" onclick=\"return true;\" alt=\"\"><span class=\"uagb-inline-editing\">Come\u00e7ar<\/span><\/a><\/div><\/div><\/div>\n<\/div>\n<\/div>\n<\/div><\/div>\n\n\n\n<div class=\"wp-block-uagb-container uagb-block-407e9912 alignfull uagb-is-root-container\"><div class=\"uagb-container-inner-blocks-wrap\">\n<div class=\"wp-block-uagb-testimonial uagb-slick-carousel uagb-tm__arrow-outside uagb-block-63d6bdbb uagb-post__carousel_notset uagb-post__carousel_notset-tablet uagb-post__carousel_notset-mobile\"><div class=\"is-carousel uagb-tm__columns-1 uagb-tm__items\"><div class=\"uagb-testimonial__wrap  uagb-tm__imgicon-style-circle uagb-tm__image-position-top uagb-tm__bg-type-none \"><div class=\"uagb-tm__content\"><div class=\"uagb-tm__overlay\"><\/div><div class=\"uagb-tm__image-content\"><div class=\"uagb-tm__image\"><img decoding=\"async\" class=\"uagb-tm-img-src\" src=\"https:\/\/imobiliaria.marketing-pt.com\/wp-content\/uploads\/2023\/08\/testimonial-skip-02.jpeg\" alt=\"\" width=\"60\" height=\"60\" loading=\"lazy\"\/><\/div><\/div><div class=\"uagb-tm__text-wrap\"><div class=\"uagb-tm__desc\">Excelente servi\u00e7o! O processo de venda do meu im\u00f3vel foi facilitado em todos os passos. Recomendo vivamente!<\/div><div class=\"uagb-tm__meta-inner\"><div class=\"uagb-testimonial-details\"><span class=\"uagb-tm__author-name\">Sofia Pereira<\/span><span class=\"uagb-tm__company\"><\/span><\/div><\/div><\/div><\/div><\/div><\/div><\/div>\n<\/div><\/div>\n\n\n\n<div class=\"wp-block-uagb-container uagb-block-c6476a98 alignfull uagb-is-root-container\"><div class=\"uagb-container-inner-blocks-wrap\">\n<div class=\"wp-block-uagb-container uagb-block-499f3e2a\">\n<div class=\"wp-block-uagb-advanced-heading uagb-block-6fe09642\"><h2 class=\"uagb-heading-text\">Proposta de Valor \u00danica<\/h2><\/div>\n\n\n\n<div class=\"wp-block-uagb-advanced-heading uagb-block-72279faa\"><p class=\"uagb-heading-text\">Descubra as principais vantagens que nos destacam e garanta uma experi\u00eancia imobili\u00e1ria sem igual.<\/p><\/div>\n<\/div>\n\n\n\n<div class=\"wp-block-uagb-container uagb-block-8c7963ad\">\n<div class=\"wp-block-uagb-container uagb-block-918d0378\">\n<div class=\"wp-block-uagb-image uagb-block-0a080123 wp-block-uagb-image--layout-default wp-block-uagb-image--effect-static wp-block-uagb-image--align-none\"><figure class=\"wp-block-uagb-image__figure\"><img decoding=\"async\" srcset=\"https:\/\/imobiliaria.marketing-pt.com\/wp-content\/uploads\/2024\/04\/zipwp-image-18058106.jpeg ,https:\/\/imobiliaria.marketing-pt.com\/wp-content\/uploads\/2024\/04\/zipwp-image-18058106.jpeg 780w, https:\/\/imobiliaria.marketing-pt.com\/wp-content\/uploads\/2024\/04\/zipwp-image-18058106.jpeg 360w\" sizes=\"auto, (max-width: 480px) 150px\" src=\"https:\/\/imobiliaria.marketing-pt.com\/wp-content\/uploads\/2024\/04\/zipwp-image-18058106.jpeg\" alt=\"\" class=\"uag-image-1491\" width=\"560\" height=\"450\" title=\"\" loading=\"lazy\" role=\"img\"\/><\/figure><\/div>\n\n\n\n<div class=\"wp-block-uagb-advanced-heading uagb-block-53687665\"><h3 class=\"uagb-heading-text\">Profissionalismo Garantido<\/h3><p class=\"uagb-desc-text\">Asseguramos um servi\u00e7o de excel\u00eancia acompanhando-o em todas as etapas do processo imobili\u00e1rio<\/p><\/div>\n<\/div>\n\n\n\n<div class=\"wp-block-uagb-container uagb-block-a2b4d0ac\">\n<div class=\"wp-block-uagb-image alignleft uagb-block-7a16e14f wp-block-uagb-image--layout-default wp-block-uagb-image--effect-static wp-block-uagb-image--align-left\"><figure class=\"wp-block-uagb-image__figure\"><img decoding=\"async\" srcset=\"https:\/\/imobiliaria.marketing-pt.com\/wp-content\/uploads\/2024\/04\/zipwp-image-316770.jpeg ,https:\/\/imobiliaria.marketing-pt.com\/wp-content\/uploads\/2024\/04\/zipwp-image-316770.jpeg 780w, https:\/\/imobiliaria.marketing-pt.com\/wp-content\/uploads\/2024\/04\/zipwp-image-316770.jpeg 360w\" sizes=\"auto, (max-width: 480px) 150px\" src=\"https:\/\/imobiliaria.marketing-pt.com\/wp-content\/uploads\/2024\/04\/zipwp-image-316770.jpeg\" alt=\"\" class=\"uag-image-1489\" width=\"560\" height=\"450\" title=\"\" loading=\"lazy\" role=\"img\"\/><\/figure><\/div>\n\n\n\n<div class=\"wp-block-uagb-advanced-heading uagb-block-c5a580ac\"><h3 class=\"uagb-heading-text\">Transpar\u00eancia<\/h3><p class=\"uagb-desc-text\">A rela\u00e7\u00e3o de confian\u00e7a com os clientes \u00e9 a base dos nossos valores, garantindo neg\u00f3cios seguros e claros<\/p><\/div>\n<\/div>\n<\/div>\n<\/div><\/div>\n\n\n\n<div class=\"wp-block-uagb-container uagb-block-c84325e4 alignfull uagb-is-root-container\"><div class=\"uagb-container-inner-blocks-wrap\">\n<div class=\"wp-block-uagb-info-box uagb-block-d8a09d88 uagb-infobox__content-wrap  uagb-infobox-icon-above-title uagb-infobox-image-valign-top\"><div class=\"uagb-ifb-content\"><div class=\"uagb-ifb-title-wrap\"><h2 class=\"uagb-ifb-title\">Comece j\u00e1<\/h2><\/div><p class=\"uagb-ifb-desc\">Contacte-nos hoje mesmo e descubra como podemos ajudar a concretizar os seus objetivos imobili\u00e1rios<\/p><div class=\"uagb-ifb-button-wrapper wp-block-button\"><a href=\"contact\/\" class=\"uagb-infobox-cta-link wp-block-button__link\" target=\"_self\" rel=\"noopener noreferrer\" onclick=\"return true;\" alt=\"\"><span class=\"uagb-inline-editing\">Descubra<\/span><\/a><\/div><\/div><\/div>\n<\/div><\/div>\n","protected":false},"excerpt":{"rendered":"<p>Servi\u00e7os Imobili\u00e1rios Proposta de Valor \u00danica Descubra as principais vantagens que nos destacam e garanta uma experi\u00eancia imobili\u00e1ria sem igual. [&hellip;]<\/p>\n","protected":false},"author":9,"featured_media":0,"parent":0,"menu_order":0,"comment_status":"closed","ping_status":"closed","template":"","meta":{"_uag_custom_page_level_css":"","site-sidebar-layout":"default","site-content-layout":"","ast-site-content-layout":"default","site-content-style":"default","site-sidebar-style":"default","ast-global-header-display":"","ast-banner-title-visibility":"","ast-main-header-display":"","ast-hfb-above-header-display":"","ast-hfb-below-header-display":"","ast-hfb-mobile-header-display":"","site-post-title":"disabled","ast-breadcrumbs-content":"","ast-featured-img":"","footer-sml-layout":"","ast-disable-related-posts":"","theme-transparent-header-meta":"enabled","adv-header-id-meta":"","stick-header-meta":"","header-above-stick-meta":"","header-main-stick-meta":"","header-below-stick-meta":"","astra-migrate-meta-layouts":"set","ast-page-background-enabled":"default","ast-page-background-meta":{"desktop":{"background-color":"var(--ast-global-color-4)","background-image":"","background-repeat":"repeat","background-position":"center center","background-size":"auto","background-attachment":"scroll","background-type":"","background-media":"","overlay-type":"","overlay-color":"","overlay-opacity":"","overlay-gradient":""},"tablet":{"background-color":"","background-image":"","background-repeat":"repeat","background-position":"center center","background-size":"auto","background-attachment":"scroll","background-type":"","background-media":"","overlay-type":"","overlay-color":"","overlay-opacity":"","overlay-gradient":""},"mobile":{"background-color":"","background-image":"","background-repeat":"repeat","background-position":"center center","background-size":"auto","background-attachment":"scroll","background-type":"","background-media":"","overlay-type":"","overlay-color":"","overlay-opacity":"","overlay-gradient":""}},"ast-content-background-meta":{"desktop":{"background-color":"var(--ast-global-color-5)","background-image":"","background-repeat":"repeat","background-position":"center center","background-size":"auto","background-attachment":"scroll","background-type":"","background-media":"","overlay-type":"","overlay-color":"","overlay-opacity":"","overlay-gradient":""},"tablet":{"background-color":"var(--ast-global-color-5)","background-image":"","background-repeat":"repeat","background-position":"center center","background-size":"auto","background-attachment":"scroll","background-type":"","background-media":"","overlay-type":"","overlay-color":"","overlay-opacity":"","overlay-gradient":""},"mobile":{"background-color":"var(--ast-global-color-5)","background-image":"","background-repeat":"repeat","background-position":"center center","background-size":"auto","background-attachment":"scroll","background-type":"","background-media":"","overlay-type":"","overlay-color":"","overlay-opacity":"","overlay-gradient":""}},"footnotes":""},"class_list":["post-167","page","type-page","status-publish","hentry"],"uagb_featured_image_src":{"full":false,"thumbnail":false,"medium":false,"medium_large":false,"large":false,"1536x1536":false,"2048x2048":false},"uagb_author_info":{"display_name":"I1Y3qa41oOCp","author_link":"https:\/\/imobiliaria.marketing-pt.com\/?author=9"},"uagb_comment_info":0,"uagb_excerpt":"Servi\u00e7os Imobili\u00e1rios Proposta de Valor \u00danica Descubra as principais vantagens que nos destacam e garanta uma experi\u00eancia imobili\u00e1ria sem igual. [&hellip;]","_links":{"self":[{"href":"https:\/\/imobiliaria.marketing-pt.com\/index.php?rest_route=\/wp\/v2\/pages\/167","targetHints":{"allow":["GET"]}}],"collection":[{"href":"https:\/\/imobiliaria.marketing-pt.com\/index.php?rest_route=\/wp\/v2\/pages"}],"about":[{"href":"https:\/\/imobiliaria.marketing-pt.com\/index.php?rest_route=\/wp\/v2\/types\/page"}],"author":[{"embeddable":true,"href":"https:\/\/imobiliaria.marketing-pt.com\/index.php?rest_route=\/wp\/v2\/users\/9"}],"replies":[{"embeddable":true,"href":"https:\/\/imobiliaria.marketing-pt.com\/index.php?rest_route=%2Fwp%2Fv2%2Fcomments&post=167"}],"version-history":[{"count":1,"href":"https:\/\/imobiliaria.marketing-pt.com\/index.php?rest_route=\/wp\/v2\/pages\/167\/revisions"}],"predecessor-version":[{"id":1507,"href":"https:\/\/imobiliaria.marketing-pt.com\/index.php?rest_route=\/wp\/v2\/pages\/167\/revisions\/1507"}],"wp:attachment":[{"href":"https:\/\/imobiliaria.marketing-pt.com\/index.php?rest_route=%2Fwp%2Fv2%2Fmedia&parent=167"}],"curies":[{"name":"wp","href":"https:\/\/api.w.org\/{rel}","templated":true}]}}